{"id":1939,"date":"2025-03-31T09:42:20","date_gmt":"2025-03-31T09:42:20","guid":{"rendered":"https:\/\/natcha.es\/?page_id=1939"},"modified":"2025-03-31T09:44:03","modified_gmt":"2025-03-31T09:44:03","slug":"politica-de-cookies","status":"publish","type":"page","link":"https:\/\/natcha.es\/es\/politica-de-cookies\/","title":{"rendered":"Pol\u00edtica de Cookies"},"content":{"rendered":"<div data-elementor-type=\"wp-page\" data-elementor-id=\"1939\" class=\"elementor elementor-1939\" data-elementor-post-type=\"page\">\n\t\t\t\t<div class=\"elementor-element elementor-element-9c8c607 e-flex e-con-boxed e-con e-parent\" data-id=\"9c8c607\" data-element_type=\"container\" data-e-type=\"container\">\n\t\t\t\t\t<div class=\"e-con-inner\">\n\t\t\t\t<div class=\"elementor-element elementor-element-6d9d24d elementor-widget elementor-widget-heading\" data-id=\"6d9d24d\" data-element_type=\"widget\" data-e-type=\"widget\" data-widget_type=\"heading.default\">\n\t\t\t\t<div class=\"elementor-widget-container\">\n\t\t\t\t\t<h4 class=\"elementor-heading-title elementor-size-default\">POL\u00cdTICA DE cookies<\/h4>\t\t\t\t<\/div>\n\t\t\t\t<\/div>\n\t\t\t\t<div class=\"elementor-element elementor-element-fd09e21 elementor-widget elementor-widget-text-editor\" data-id=\"fd09e21\" data-element_type=\"widget\" data-e-type=\"widget\" data-widget_type=\"text-editor.default\">\n\t\t\t\t<div class=\"elementor-widget-container\">\n\t\t\t\t\t\t\t\t\t<p class=\"\" data-start=\"91\" data-end=\"559\">Debe tenerse en cuenta que la utilizaci\u00f3n de las cookies en los equipos terminales de los usuarios tiene implicaciones relevantes en relaci\u00f3n con la protecci\u00f3n de datos. Y es que, mediante la utilizaci\u00f3n de cookies, las entidades obtienen datos relacionados con los usuarios que posteriormente podr\u00e1n ser utilizados. Es por ello que se determina la necesidad de informar al usuario de la utilizaci\u00f3n de cookies para que conozcan el tratamiento de datos llevado a cabo.<\/p><p class=\"\" data-start=\"561\" data-end=\"1084\">NATCHA 2000 SL debe realizar un an\u00e1lisis exhaustivo de las cookies que, a trav\u00e9s de su p\u00e1gina web, pueden ser instaladas en los dispositivos inform\u00e1ticos de los usuarios. Conocida la finalidad de las mismas, NATCHA 2000 SL debe cumplir con la Ley 34\/2002, de 11 de julio, de Servicios de la Sociedad de la Informaci\u00f3n y de Comercio Electr\u00f3nico (LSSI-CE), la normativa en materia de protecci\u00f3n de datos y con las recomendaciones que la Agencia Espa\u00f1ola de Protecci\u00f3n de Datos ha publicado en su Gu\u00eda sobre el uso de cookies.<\/p><p class=\"\" data-start=\"1086\" data-end=\"1212\">Es necesario determinar que quedan exceptuadas de la presente pol\u00edtica las cookies utilizadas para las siguientes finalidades:<\/p><ul data-start=\"1213\" data-end=\"1364\"><li class=\"\" data-start=\"1213\" data-end=\"1288\"><p class=\"\" data-start=\"1215\" data-end=\"1288\">Permitir \u00fanicamente la comunicaci\u00f3n entre el equipo del usuario y la red.<\/p><\/li><li class=\"\" data-start=\"1289\" data-end=\"1364\"><p class=\"\" data-start=\"1291\" data-end=\"1364\">Estrictamente prestar un servicio expresamente solicitado por el usuario.<\/p><\/li><\/ul><p class=\"\" data-start=\"1366\" data-end=\"1666\">Es importante decir que NATCHA 2000 SL podr\u00e1 utilizar dispositivos de almacenamiento y recuperaci\u00f3n de datos en equipos terminales de los destinatarios, a condici\u00f3n de que los mismos hayan dado su consentimiento despu\u00e9s de que se les haya facilitado informaci\u00f3n clara y completa sobre su utilizaci\u00f3n.<\/p><p class=\"\" data-start=\"1668\" data-end=\"1757\">La informaci\u00f3n relativa a las cookies debe mostrarse siguiendo los siguientes requisitos:<\/p><ul data-start=\"1758\" data-end=\"2021\"><li class=\"\" data-start=\"1758\" data-end=\"1838\"><p class=\"\" data-start=\"1760\" data-end=\"1838\">La informaci\u00f3n o la comunicaci\u00f3n debe ser concisa, transparente e inteligible.<\/p><\/li><li class=\"\" data-start=\"1839\" data-end=\"1977\"><p class=\"\" data-start=\"1841\" data-end=\"1977\">Se ha de utilizar un lenguaje claro y sencillo, evitando el uso de frases que induzcan a confusi\u00f3n o desvirt\u00faen la claridad del mensaje.<\/p><\/li><li class=\"\" data-start=\"1978\" data-end=\"2021\"><p class=\"\" data-start=\"1980\" data-end=\"2021\">La informaci\u00f3n ha de ser de f\u00e1cil acceso.<\/p><\/li><\/ul><p class=\"\" data-start=\"2023\" data-end=\"2482\">Se recomienda el uso de avisos de privacidad por niveles, es decir, que contengan la informaci\u00f3n en capas, de modo que se permita al usuario ir a aquellos aspectos del aviso que sean de mayor inter\u00e9s para \u00e9l, evitando as\u00ed la fatiga informativa, y ello sin perjuicio de que la totalidad de la informaci\u00f3n se encuentre disponible en un \u00fanico lugar o en un documento completo al que se pueda acceder f\u00e1cilmente si el interesado desea consultarlo en su totalidad.<\/p><p class=\"\" data-start=\"2484\" data-end=\"2712\">NATCHA 2000 SL realizar\u00e1 de forma peri\u00f3dica la revisi\u00f3n de los posibles cambios que pudieran producirse en la gesti\u00f3n y uso de cookies con la finalidad de actualizar la informaci\u00f3n mostrada a los usuarios relativa a las cookies.<\/p><hr class=\"\" data-start=\"2714\" data-end=\"2717\" \/><p class=\"\" data-start=\"2719\" data-end=\"2773\"><strong data-start=\"2719\" data-end=\"2773\">4.3.1. Informaci\u00f3n previa a la pol\u00edtica de cookies<\/strong><\/p><p class=\"\" data-start=\"2775\" data-end=\"3076\">Con el fin de cumplir con los requisitos de transparencia de la informaci\u00f3n y la obligaci\u00f3n de obtenci\u00f3n del consentimiento, se recomienda el uso de declaraciones o avisos de privacidad por niveles. Estos consisten en proporcionar al usuario la informaci\u00f3n en capas y as\u00ed evitar la fatiga informativa.<\/p><p class=\"\" data-start=\"3078\" data-end=\"3338\">Este sistema puede consistir en mostrar la informaci\u00f3n esencial en una primera capa, cuando se accede a la p\u00e1gina o aplicaci\u00f3n, y completarla en una segunda capa mediante una p\u00e1gina en la que se ofrezca informaci\u00f3n m\u00e1s detallada y espec\u00edfica sobre las cookies.<\/p><p class=\"\" data-start=\"3340\" data-end=\"3404\">En esta primera capa se deber\u00e1 incluir la siguiente informaci\u00f3n:<\/p><ul data-start=\"3405\" data-end=\"3932\"><li class=\"\" data-start=\"3405\" data-end=\"3459\"><p class=\"\" data-start=\"3407\" data-end=\"3459\"><strong data-start=\"3407\" data-end=\"3413\">a.<\/strong> Identificaci\u00f3n del responsable del sitio web.<\/p><\/li><li class=\"\" data-start=\"3460\" data-end=\"3536\"><p class=\"\" data-start=\"3462\" data-end=\"3536\"><strong data-start=\"3462\" data-end=\"3468\">b.<\/strong> Identificaci\u00f3n de las finalidades de las cookies que se utilizar\u00e1n.<\/p><\/li><li class=\"\" data-start=\"3537\" data-end=\"3605\"><p class=\"\" data-start=\"3539\" data-end=\"3605\"><strong data-start=\"3539\" data-end=\"3545\">c.<\/strong> Informaci\u00f3n sobre si las cookies son propias o de terceros.<\/p><\/li><li class=\"\" data-start=\"3606\" data-end=\"3715\"><p class=\"\" data-start=\"3608\" data-end=\"3715\"><strong data-start=\"3608\" data-end=\"3614\">d.<\/strong> Informaci\u00f3n gen\u00e9rica sobre el tipo de datos que se van a tratar en caso de que se elaboren perfiles.<\/p><\/li><li class=\"\" data-start=\"3716\" data-end=\"3814\"><p class=\"\" data-start=\"3718\" data-end=\"3814\"><strong data-start=\"3718\" data-end=\"3724\">e.<\/strong> Modo en el que el usuario puede aceptar, configurar y rechazar la utilizaci\u00f3n de cookies.<\/p><\/li><li class=\"\" data-start=\"3815\" data-end=\"3932\"><p class=\"\" data-start=\"3817\" data-end=\"3932\"><strong data-start=\"3817\" data-end=\"3823\">f.<\/strong> Un enlace claramente visible dirigido a la informaci\u00f3n complementaria y m\u00e1s detallada (pol\u00edtica de cookies).<\/p><\/li><\/ul><p class=\"\" data-start=\"3934\" data-end=\"4132\">Esta informaci\u00f3n se facilitar\u00e1 antes del uso de las cookies a trav\u00e9s de un formato que sea visible para el usuario y que deber\u00e1 mantenerse hasta que el usuario preste el consentimiento o lo rechace.<\/p><p class=\"\" data-start=\"4134\" data-end=\"4932\">En relaci\u00f3n al punto <strong data-start=\"4155\" data-end=\"4161\">b)<\/strong>, sobre la identificaci\u00f3n de las finalidades de las cookies, matizamos que:<br data-start=\"4236\" data-end=\"4239\" \/>Aquellas cookies con finalidades de personalizaci\u00f3n, que son elegidas por el usuario, tendr\u00e1n la consideraci\u00f3n de cookies t\u00e9cnicas por lo que no deber\u00e1 recabarse el consentimiento del usuario, pero s\u00ed informar de su existencia. Esta consideraci\u00f3n se tendr\u00e1 en cuenta siempre y cuando la informaci\u00f3n que pueda desprenderse de la selecci\u00f3n del usuario no se emplee para otros fines (por ejemplo, para la personalizaci\u00f3n de contenidos publicitarios), en estos casos deber\u00e1 recabarse el consentimiento del usuario. Un ejemplo de cookies de personalizaci\u00f3n que puede elegir el usuario es si este puede seleccionar el idioma del sitio web clicando en el icono de la bandera del pa\u00eds correspondiente.<\/p><p class=\"\" data-start=\"4934\" data-end=\"5014\">Respecto al punto <strong data-start=\"4952\" data-end=\"4958\">e)<\/strong> de esta primera capa informativa, esta deber\u00e1 contener:<\/p><ul data-start=\"5015\" data-end=\"5907\"><li class=\"\" data-start=\"5015\" data-end=\"5213\"><p class=\"\" data-start=\"5017\" data-end=\"5213\">Un bot\u00f3n o mecanismo equivalente, f\u00e1cilmente visible, con las palabras \u201cAceptar cookies\u201d, \u201cAceptar\u201d, \u201cConsentir\u201d o textos similares para que el usuario pueda consentir el uso de todas las cookies.<\/p><\/li><li class=\"\" data-start=\"5214\" data-end=\"5483\"><p class=\"\" data-start=\"5216\" data-end=\"5483\">Un bot\u00f3n o mecanismo equivalente, similar al anterior, con las palabras \u201cRechazar cookies\u201d, \u201cRechazar\u201d o textos similares, para que el usuario pueda rechazar el uso de cookies (salvo aquellas que est\u00e9n exentas de la obligaci\u00f3n de obtener un consentimiento informado).<\/p><\/li><li class=\"\" data-start=\"5484\" data-end=\"5907\"><p class=\"\" data-start=\"5486\" data-end=\"5907\">Igual que en los puntos anteriores, tambi\u00e9n se deber\u00e1 disponer de un bot\u00f3n o mecanismo, que despliegue o lleve al usuario a un panel de configuraci\u00f3n que permita aceptar o rechazar las cookies de forma granular. El bot\u00f3n o mecanismo para configurar las cookies debe llevar directamente a este sin que el usuario tenga que desplazarse entre grandes cantidades de texto y deber\u00e1 seguir siendo accesible de forma permanente.<\/p><\/li><\/ul><p class=\"\" data-start=\"5909\" data-end=\"5987\">Adem\u00e1s, los botones mencionados deber\u00e1n cumplir con los siguientes requisitos:<\/p><ul data-start=\"5988\" data-end=\"6496\"><li class=\"\" data-start=\"5988\" data-end=\"6116\"><p class=\"\" data-start=\"5990\" data-end=\"6116\">Al usuario no se le deber\u00e1 dar la impresi\u00f3n de que tiene la obligaci\u00f3n de aceptar las cookies para poder navegar al sitio web.<\/p><\/li><li class=\"\" data-start=\"6117\" data-end=\"6183\"><p class=\"\" data-start=\"6119\" data-end=\"6183\">No se podr\u00e1 empujar claramente al usuario a aceptar las cookies.<\/p><\/li><li class=\"\" data-start=\"6184\" data-end=\"6496\"><p class=\"\" data-start=\"6186\" data-end=\"6496\">El color o contraste del texto y los botones (o mecanismos equivalentes) no podr\u00e1n ser obviamente enga\u00f1osos para el usuario de forma que lleven a un consentimiento involuntario. Por ejemplo, no ser\u00e1 v\u00e1lido que por el contraste de colores en el texto en la opci\u00f3n \u201cRechazar\u201d, este no pueda leerse correctamente.<\/p><\/li><\/ul><p class=\"\" data-start=\"6498\" data-end=\"6685\">Ser\u00e1 necesario que la informaci\u00f3n de la primera capa se complete con un sistema o panel de configuraci\u00f3n en el que el usuario pueda optar entre aceptar o no las cookies de forma granular.<\/p>\t\t\t\t\t\t\t\t<\/div>\n\t\t\t\t<\/div>\n\t\t\t\t<div class=\"elementor-element elementor-element-a91f1dd elementor-widget elementor-widget-button\" data-id=\"a91f1dd\" data-element_type=\"widget\" data-e-type=\"widget\" data-widget_type=\"button.default\">\n\t\t\t\t<div class=\"elementor-widget-container\">\n\t\t\t\t\t\t\t\t\t<div class=\"elementor-button-wrapper\">\n\t\t\t\t\t<a class=\"elementor-button elementor-button-link elementor-size-sm\" href=\"https:\/\/natcha.es\/wp-content\/uploads\/2025\/03\/DOC2_LSSI_MCN.pdf\">\n\t\t\t\t\t\t<span class=\"elementor-button-content-wrapper\">\n\t\t\t\t\t\t\t\t\t<span class=\"elementor-button-text\">DESCARGAR<\/span>\n\t\t\t\t\t<\/span>\n\t\t\t\t\t<\/a>\n\t\t\t\t<\/div>\n\t\t\t\t\t\t\t\t<\/div>\n\t\t\t\t<\/div>\n\t\t\t\t\t<\/div>\n\t\t\t\t<\/div>\n\t\t\t\t<\/div>","protected":false},"excerpt":{"rendered":"<p>POL\u00cdTICA DE cookies Debe tenerse en cuenta que la utilizaci\u00f3n de las cookies en los equipos terminales de los usuarios [&hellip;]<\/p>\n","protected":false},"author":1,"featured_media":0,"parent":0,"menu_order":0,"comment_status":"closed","ping_status":"closed","template":"","meta":{"site-sidebar-layout":"no-sidebar","site-content-layout":"","ast-site-content-layout":"full-width-container","site-content-style":"default","site-sidebar-style":"default","ast-global-header-display":"","ast-banner-title-visibility":"","ast-main-header-display":"","ast-hfb-above-header-display":"","ast-hfb-below-header-display":"","ast-hfb-mobile-header-display":"","site-post-title":"disabled","ast-breadcrumbs-content":"","ast-featured-img":"disabled","footer-sml-layout":"","ast-disable-related-posts":"","theme-transparent-header-meta":"","adv-header-id-meta":"","stick-header-meta":"","header-above-stick-meta":"","header-main-stick-meta":"","header-below-stick-meta":"","astra-migrate-meta-layouts":"default","ast-page-background-enabled":"default","ast-page-background-meta":{"desktop":{"background-color":"var(--ast-global-color-4)","background-image":"","background-repeat":"repeat","background-position":"center center","background-size":"auto","background-attachment":"scroll","background-type":"","background-media":"","overlay-type":"","overlay-color":"","overlay-opacity":"","overlay-gradient":""},"tablet":{"background-color":"","background-image":"","background-repeat":"repeat","background-position":"center center","background-size":"auto","background-attachment":"scroll","background-type":"","background-media":"","overlay-type":"","overlay-color":"","overlay-opacity":"","overlay-gradient":""},"mobile":{"background-color":"","background-image":"","background-repeat":"repeat","background-position":"center center","background-size":"auto","background-attachment":"scroll","background-type":"","background-media":"","overlay-type":"","overlay-color":"","overlay-opacity":"","overlay-gradient":""}},"ast-content-background-meta":{"desktop":{"background-color":"var(--ast-global-color-5)","background-image":"","background-repeat":"repeat","background-position":"center center","background-size":"auto","background-attachment":"scroll","background-type":"","background-media":"","overlay-type":"","overlay-color":"","overlay-opacity":"","overlay-gradient":""},"tablet":{"background-color":"var(--ast-global-color-5)","background-image":"","background-repeat":"repeat","background-position":"center center","background-size":"auto","background-attachment":"scroll","background-type":"","background-media":"","overlay-type":"","overlay-color":"","overlay-opacity":"","overlay-gradient":""},"mobile":{"background-color":"var(--ast-global-color-5)","background-image":"","background-repeat":"repeat","background-position":"center center","background-size":"auto","background-attachment":"scroll","background-type":"","background-media":"","overlay-type":"","overlay-color":"","overlay-opacity":"","overlay-gradient":""}},"footnotes":""},"class_list":["post-1939","page","type-page","status-publish","hentry"],"_links":{"self":[{"href":"https:\/\/natcha.es\/es\/wp-json\/wp\/v2\/pages\/1939","targetHints":{"allow":["GET"]}}],"collection":[{"href":"https:\/\/natcha.es\/es\/wp-json\/wp\/v2\/pages"}],"about":[{"href":"https:\/\/natcha.es\/es\/wp-json\/wp\/v2\/types\/page"}],"author":[{"embeddable":true,"href":"https:\/\/natcha.es\/es\/wp-json\/wp\/v2\/users\/1"}],"replies":[{"embeddable":true,"href":"https:\/\/natcha.es\/es\/wp-json\/wp\/v2\/comments?post=1939"}],"version-history":[{"count":0,"href":"https:\/\/natcha.es\/es\/wp-json\/wp\/v2\/pages\/1939\/revisions"}],"wp:attachment":[{"href":"https:\/\/natcha.es\/es\/wp-json\/wp\/v2\/media?parent=1939"}],"curies":[{"name":"wp","href":"https:\/\/api.w.org\/{rel}","templated":true}]}}