{"id":1928,"date":"2025-03-31T09:33:33","date_gmt":"2025-03-31T09:33:33","guid":{"rendered":"https:\/\/natcha.es\/?page_id=1928"},"modified":"2025-03-31T09:44:28","modified_gmt":"2025-03-31T09:44:28","slug":"politica-de-privacidad","status":"publish","type":"page","link":"https:\/\/natcha.es\/es\/politica-de-privacidad\/","title":{"rendered":"Pol\u00edtica de privacidad"},"content":{"rendered":"<div data-elementor-type=\"wp-page\" data-elementor-id=\"1928\" class=\"elementor elementor-1928\" data-elementor-post-type=\"page\">\n\t\t\t\t<div class=\"elementor-element elementor-element-9c8c607 e-flex e-con-boxed e-con e-parent\" data-id=\"9c8c607\" data-element_type=\"container\" data-e-type=\"container\">\n\t\t\t\t\t<div class=\"e-con-inner\">\n\t\t\t\t<div class=\"elementor-element elementor-element-6d9d24d elementor-widget elementor-widget-heading\" data-id=\"6d9d24d\" data-element_type=\"widget\" data-e-type=\"widget\" data-widget_type=\"heading.default\">\n\t\t\t\t<div class=\"elementor-widget-container\">\n\t\t\t\t\t<h4 class=\"elementor-heading-title elementor-size-default\">POL\u00cdTICA DE PRIVACIDAD<\/h4>\t\t\t\t<\/div>\n\t\t\t\t<\/div>\n\t\t\t\t<div class=\"elementor-element elementor-element-fd09e21 elementor-widget elementor-widget-text-editor\" data-id=\"fd09e21\" data-element_type=\"widget\" data-e-type=\"widget\" data-widget_type=\"text-editor.default\">\n\t\t\t\t<div class=\"elementor-widget-container\">\n\t\t\t\t\t\t\t\t\t<p data-pm-slice=\"1 3 []\">NATCHA 2000 SL deber\u00e1 cerciorarse de que los datos personales del interesado recabados en el sitio web, sean tratados seg\u00fan los principios relativos al tratamiento:<\/p><p>Tratados de manera l\u00edcita, leal y transparente en relaci\u00f3n con el interesado (\u201clicitud lealtad y transparencia\u201d). Recogidos con fines determinados, expl\u00edcitos y leg\u00edtimos, no pudiendo ser tratados de manera incompatible con dichos fines (\u201climitaci\u00f3n de la finalidad\u201d). Adecuados, pertinentes y limitados a lo necesario en relaci\u00f3n con los fines para los que son tratados (\u201cminimizaci\u00f3n de los datos\u201d). Exactos y, si fuera necesario actualizados adopt\u00e1ndose las medidas t\u00e9cnicas y organizativas razonables para que se supriman o rectifiquen cuando sean inexactos con respecto a los fines para los que se tratan (\u201cexactitud\u201d). Mantenidos de forma que se permita la identificaci\u00f3n durante no m\u00e1s tiempo de lo necesario para los fines del tratamiento (\u201climitaci\u00f3n del plazo de conservaci\u00f3n\u201d). Tratados de tal manera que se garantice una seguridad adecuada mediante la aplicaci\u00f3n de medidas t\u00e9cnicas u organizativas apropiadas (\u201cintegridad y confidencialidad\u201d).<\/p><p>As\u00ed, NATCHA 2000 SL ser\u00e1 responsable del cumplimiento de lo dispuesto anteriormente y deber\u00e1 poder acreditarlo con posterioridad (\u201cresponsabilidad proactiva\u201d).<\/p><p>Del mismo modo, el tratamiento que realice la entidad solo ser\u00e1 l\u00edcito si cumple al menos una de las siguientes condiciones (\u201clicitud del tratamiento\u201d):<\/p><ul data-spread=\"false\"><li><p>El interesado dio su consentimiento para el tratamiento de sus datos personales para uno o varios fines espec\u00edficos.<\/p><\/li><li><p>El tratamiento es necesario para la ejecuci\u00f3n de un contrato en el que el interesado es parte o para la aplicaci\u00f3n a petici\u00f3n de este de medidas precontractuales.<\/p><\/li><li><p>El tratamiento es necesario para el cumplimiento de una obligaci\u00f3n legal aplicable al responsable del tratamiento.<\/p><\/li><li><p>El tratamiento es necesario para proteger intereses vitales del interesado o de otra persona f\u00edsica.<\/p><\/li><li><p>El tratamiento es necesario para el cumplimiento de una misi\u00f3n realizada en inter\u00e9s p\u00fablico o en el ejercicio de poderes p\u00fablicos conferidos al responsable del tratamiento.<\/p><\/li><li><p>El tratamiento es necesario para la satisfacci\u00f3n de intereses leg\u00edtimos perseguidos por el responsable del tratamiento o por un tercero, siempre que sobre dichos intereses no prevalezcan los intereses o los derechos y libertades fundamentales del interesado que requieran la protecci\u00f3n de datos personales, en particular cuando el interesado sea un ni\u00f1o. Dicha base leg\u00edtima no ser\u00e1 de aplicaci\u00f3n al tratamiento realizado por las autoridades p\u00fablicas en el ejercicio de sus funciones.<\/p><\/li><\/ul><p>Cuando el tratamiento se base en el consentimiento del interesado, el responsable deber\u00e1 ser capaz de demostrar que aquel consinti\u00f3 el tratamiento de sus datos personales. Si el consentimiento del interesado se da en el contexto de una declaraci\u00f3n escrita que tambi\u00e9n se refiera a otros asuntos, la solicitud de consentimiento se presentar\u00e1 de tal forma que se distinga claramente de los dem\u00e1s asuntos, de forma inteligible y de f\u00e1cil acceso y utilizando un lenguaje claro y sencillo.<\/p><p>El interesado tendr\u00e1 derecho a retirar su consentimiento en cualquier momento. La retirada del consentimiento no afectar\u00e1 a la licitud del tratamiento basada en el consentimiento previo a su retirada. Antes de dar su consentimiento, el interesado ser\u00e1 informado de ello. Ser\u00e1 tan f\u00e1cil retirar el consentimiento como darlo.<\/p><p>NATCHA 2000 SL deber\u00e1 incluir en los formularios que se usen para la recogida de datos personales, la informaci\u00f3n para dar cumplimiento al deber de informar recogido en los art\u00edculos 13 y 14 del Reglamento General de Protecci\u00f3n de Datos (en adelante RGPD).<\/p><p>En este sentido, y con la finalidad de adaptarse a la normativa aplicable y vigente en materia de protecci\u00f3n de datos, cuando NATCHA 2000 SL obtenga los datos personales directamente de un interesado, tendr\u00e1 que:<\/p><ol start=\"1\" data-spread=\"false\"><li><p>Facilitar la identidad y los datos de contacto del Responsable del Tratamiento y en su caso, de su representante, los datos de contacto del Delegado de Protecci\u00f3n de Datos, en su caso y los fines del tratamiento a que se destinan los datos personales as\u00ed como, la base jur\u00eddica del tratamiento.<\/p><\/li><li><p>Especificar los intereses leg\u00edtimos del responsable o de un tercero cuando el tratamiento sea necesario para la satisfacci\u00f3n de esos intereses. Siempre que, sobre ellos no prevalezcan los intereses o los derechos y libertades fundamentales del interesado.<\/p><\/li><li><p>Facilitar los destinatarios o las categor\u00edas de destinatarios de los datos personales y en su caso, la intenci\u00f3n del responsable de transferir datos personales a un tercer pa\u00eds u organizaci\u00f3n internacional y la existencia o ausencia de una decisi\u00f3n de adecuaci\u00f3n de la Comisi\u00f3n.<\/p><\/li><li><p>Indicar el plazo durante el cual se conservar\u00e1n los datos personales o los criterios utilizados para determinar el plazo de conservaci\u00f3n.<\/p><\/li><li><p>Informar de la existencia del derecho a solicitar al Responsable del Tratamiento el acceso a los datos personales relativos al interesado, su rectificaci\u00f3n o supresi\u00f3n (\u201cderecho al olvido\u201d), la limitaci\u00f3n de su tratamiento o el derecho a oponerse al tratamiento, as\u00ed como a la portabilidad de sus datos.<\/p><\/li><li><p>Informar sobre la posibilidad de retirar el consentimiento en cualquier momento, sin que ello afecte a la licitud del tratamiento basado en el consentimiento previo a su retirada. As\u00ed como, poner en su conocimiento la posibilidad de presentar una reclamaci\u00f3n ante una Autoridad de Control.<\/p><\/li><li><p>Especificar si la comunicaci\u00f3n de datos personales es un requisito legal o contractual, o un requisito necesario para suscribir un contrato y si el interesado est\u00e1 obligado a facilitar los datos personales e informar de las posibles consecuencias de no facilitar tales datos.<\/p><\/li><li><p>Informar sobre la existencia de decisiones automatizadas, incluida la elaboraci\u00f3n de perfiles y, al menos en tales casos, informar sobre la l\u00f3gica aplicada, as\u00ed como la importancia y las consecuencias previstas de dicho tratamiento para el interesado.<\/p><\/li><\/ol><p>Cuando NATCHA 2000 SL no obtenga los datos personales del interesado tendr\u00e1 que facilitarle la informaci\u00f3n descrita en el apartado anterior. As\u00ed como, las categor\u00edas de datos personales que se traten, la fuente de la que proceden y, en su caso, si proceden de fuentes de acceso p\u00fablico.<\/p><p>NATCHA 2000 SL deber\u00e1 incluir en los formularios o documentos que se usen para la recogida de datos personales, inclusive los establecidos en la p\u00e1gina web titularidad de NATCHA 2000 SL, la informaci\u00f3n para dar cumplimiento al deber de informar recogido en los art\u00edculos 13 y 14 del Reglamento General de Protecci\u00f3n de Datos (en adelante RGPD), y, en caso de que sea necesario, hacer constar el consentimiento otorgado por el interesado.<\/p><p>Para hacer compatible la mayor exigencia de informaci\u00f3n que debe facilitarse al interesado cuyos datos de car\u00e1cter personal van a tratarse se establece la posibilidad de presentar la informaci\u00f3n adoptando un modelo de informaci\u00f3n por capas o niveles, ello deber\u00e1 estar en consonancia con que la informaci\u00f3n deber\u00e1 proporcionarse con un lenguaje claro, sencillo y de forma concisa, transparente, inteligible y de f\u00e1cil acceso.<\/p><p>El art\u00edculo 11 de la Ley Org\u00e1nica 3\/2018, de 5 de diciembre, de Protecci\u00f3n de Datos Personales y garant\u00eda de los derechos digitales (en adelante LOPDGDD), regula la informaci\u00f3n b\u00e1sica que se requiere en una primera capa.<\/p><p>La informaci\u00f3n por capas consiste en:<\/p><ul data-spread=\"false\"><li><p><strong>Presentaci\u00f3n de Informaci\u00f3n b\u00e1sica (1\u00aa capa)<\/strong>: consiste en presentar una informaci\u00f3n b\u00e1sica en un primer nivel, de forma resumida, en el mismo momento y en el mismo medio en que se recojan los datos.<\/p><\/li><li><p><strong>Remisi\u00f3n a Informaci\u00f3n adicional (2\u00aa capa)<\/strong>: consiste en presentar de forma detallada y completa la informaci\u00f3n, en un medio adecuado, estructurado, conciso y preciso. La forma de presentar esta informaci\u00f3n adicional depende de las caracter\u00edsticas del medio empleado para informar, se podr\u00e1 presentar en formato papel o en formato electr\u00f3nico.<\/p><\/li><\/ul>\t\t\t\t\t\t\t\t<\/div>\n\t\t\t\t<\/div>\n\t\t\t\t<div class=\"elementor-element elementor-element-16ebb25 elementor-widget elementor-widget-text-editor\" data-id=\"16ebb25\" data-element_type=\"widget\" data-e-type=\"widget\" data-widget_type=\"text-editor.default\">\n\t\t\t\t<div class=\"elementor-widget-container\">\n\t\t\t\t\t\t\t\t\t<p class=\"\" data-start=\"2632\" data-end=\"3040\"><strong data-start=\"2632\" data-end=\"2663\">Derechos de los interesados<\/strong><br data-start=\"2663\" data-end=\"2666\" \/>NATCHA 2000 SL informa a los Usuarios que podr\u00e1 ejercer los derechos de acceso, rectificaci\u00f3n, limitaci\u00f3n, supresi\u00f3n, portabilidad, oposici\u00f3n al tratamiento de sus datos de car\u00e1cter personal y el derecho a no ser objeto de decisiones automatizadas, incluida la elaboraci\u00f3n de perfiles, ante el Responsable del Tratamiento, as\u00ed como a la retirada del consentimiento prestado.<\/p><ol data-start=\"3042\" data-end=\"5286\"><li class=\"\" data-start=\"3042\" data-end=\"3343\"><p class=\"\" data-start=\"3045\" data-end=\"3343\"><strong data-start=\"3045\" data-end=\"3066\">Derecho de Acceso<\/strong>: Es el derecho del usuario a obtener confirmaci\u00f3n sobre si se est\u00e1n tratando sus datos y, en tal caso, los concretos datos personales tratados y la informaci\u00f3n legal del tratamiento (finalidades, base legitimadora, plazos de conservaci\u00f3n, cesiones, origen de los datos, etc.).<\/p><\/li><li class=\"\" data-start=\"3345\" data-end=\"3476\"><p class=\"\" data-start=\"3348\" data-end=\"3476\"><strong data-start=\"3348\" data-end=\"3376\">Derecho de Rectificaci\u00f3n<\/strong>: Es el derecho del afectado a que se modifiquen los datos que resulten ser inexactos o incompletos.<\/p><\/li><li class=\"\" data-start=\"3478\" data-end=\"3671\"><p class=\"\" data-start=\"3481\" data-end=\"3671\"><strong data-start=\"3481\" data-end=\"3523\">Derecho a la Limitaci\u00f3n de tratamiento<\/strong>: Es el derecho a que se limiten los fines del tratamiento previstos de forma original por el responsable del tratamiento en determinados supuestos.<\/p><\/li><li class=\"\" data-start=\"3673\" data-end=\"3941\"><p class=\"\" data-start=\"3676\" data-end=\"3941\"><strong data-start=\"3676\" data-end=\"3700\">Derecho de Supresi\u00f3n<\/strong>: Es el derecho a suprimir los datos de car\u00e1cter personal del usuario, a excepci\u00f3n de lo previsto en el propio RGPD (libertad de expresi\u00f3n e informaci\u00f3n, obligaciones de conservaci\u00f3n, formulaci\u00f3n, ejercicio o defensa de reclamaciones, etc.).<\/p><\/li><li class=\"\" data-start=\"3943\" data-end=\"4275\"><p class=\"\" data-start=\"3946\" data-end=\"4275\"><strong data-start=\"3946\" data-end=\"3975\">Derecho a la Portabilidad<\/strong>: El derecho a recibir los datos personales que el usuario haya facilitado, en un formato estructurado, de uso com\u00fan y lectura mec\u00e1nica, y a transmitirlos a otro responsable cuando el tratamiento est\u00e1 basado en el consentimiento o en la ejecuci\u00f3n de un contrato y se efect\u00fae por medios automatizados.<\/p><\/li><li class=\"\" data-start=\"4277\" data-end=\"4606\"><p class=\"\" data-start=\"4280\" data-end=\"4606\"><strong data-start=\"4280\" data-end=\"4304\">Derecho de Oposici\u00f3n<\/strong>: Es el derecho del usuario a que no se lleve a cabo el tratamiento de sus datos de car\u00e1cter personal o se cese el tratamiento de los mismos por parte del sitio web cuando el tratamiento est\u00e9 basado en el inter\u00e9s leg\u00edtimo o el inter\u00e9s p\u00fablico o cuando se trate de tratamientos de mercadotecnia directa.<\/p><\/li><li class=\"\" data-start=\"4608\" data-end=\"5115\"><p class=\"\" data-start=\"4611\" data-end=\"5115\"><strong data-start=\"4611\" data-end=\"4703\">Derecho a no ser objeto de decisiones automatizadas, incluida la elaboraci\u00f3n de perfiles<\/strong>: Cuando el tratamiento no es necesario para la celebraci\u00f3n o ejecuci\u00f3n de un contrato, ni est\u00e1 autorizado por el Derecho de la Uni\u00f3n Europea o de los Estados miembros ni se basa en el consentimiento, tiene derecho a no ser objeto de una decisi\u00f3n basada \u00fanicamente en el tratamiento automatizado, incluida la elaboraci\u00f3n de perfiles, que produzca efectos jur\u00eddicos o le afecte significativamente de modo similar.<\/p><\/li><li class=\"\" data-start=\"5117\" data-end=\"5286\"><p class=\"\" data-start=\"5120\" data-end=\"5286\"><strong data-start=\"5120\" data-end=\"5159\">Derecho a retirar el consentimiento<\/strong>: Para cualquier tratamiento basado en su consentimiento, tiene derecho a retirarlo, en cualquier momento y de manera gratuita.<\/p><\/li><\/ol><p class=\"\" data-start=\"5288\" data-end=\"5611\">Para ejercer cualquiera de los derechos en materia de protecci\u00f3n de datos descritos anteriormente deber\u00e1 seguir las siguientes indicaciones:<br data-start=\"5428\" data-end=\"5431\" \/>Presentaci\u00f3n de un escrito a la direcci\u00f3n AVDA. SARRIA, 45, 08029 BARCELONA (BARCELONA) (a la atenci\u00f3n de NATCHA 2000 SL) o bien a trav\u00e9s de correo electr\u00f3nico a <a class=\"cursor-pointer\" rel=\"noopener\" data-start=\"5593\" data-end=\"5610\">natcha@natcha.cat<\/a>.<\/p><p class=\"\" data-start=\"5613\" data-end=\"5761\">El escrito remitido por el titular de los datos personales (interesado\/a) que solicite el ejercicio de derechos deber\u00e1 tener en cuenta lo siguiente:<\/p><ul data-start=\"5762\" data-end=\"7137\"><li class=\"\" data-start=\"5762\" data-end=\"6037\"><p class=\"\" data-start=\"5764\" data-end=\"6037\">Deber\u00e1 identificarse fehacientemente y, en el caso de que concurran dudas sobre la identidad del solicitante, se le solicitar\u00e1 que subsane la petici\u00f3n (p. ej. solicitando m\u00e1s informaci\u00f3n, como el n\u00famero de DNI, el documento del DNI, el correo electr\u00f3nico que aport\u00f3, etc.).<\/p><\/li><li class=\"\" data-start=\"6038\" data-end=\"6351\"><p class=\"\" data-start=\"6040\" data-end=\"6351\">La solicitud puede realizarla el representante, legal o voluntario, cuando \u00e9ste est\u00e9 debidamente identificado y autorizado por el titular de los datos (mediante una autorizaci\u00f3n expresa del titular para ejercer los derechos personal\u00edsimos regulados en la normativa en materia de protecci\u00f3n de datos personales).<\/p><\/li><li class=\"\" data-start=\"6352\" data-end=\"6870\"><p class=\"\" data-start=\"6354\" data-end=\"6870\">Petici\u00f3n en que se concreta la solicitud (Derecho\/s que se pretende\/n ejercer). Si no hace referencia a un tratamiento concreto se le facilitar\u00e1 respuesta en relaci\u00f3n a todos los tratamientos que afectan a sus datos de car\u00e1cter personal. Si solicita informaci\u00f3n de un tratamiento en concreto, s\u00f3lo la informaci\u00f3n de \u00e9ste. Si lo solicita por tel\u00e9fono se le indicar\u00e1 que lo haga por escrito y se le informar\u00e1 de c\u00f3mo lo puede hacer y la direcci\u00f3n a la que tiene que enviarlo. Nunca se le dar\u00e1 informaci\u00f3n por tel\u00e9fono.<\/p><\/li><li class=\"\" data-start=\"6871\" data-end=\"6932\"><p class=\"\" data-start=\"6873\" data-end=\"6932\">Direcci\u00f3n postal o electr\u00f3nica a efectos de notificaciones.<\/p><\/li><li class=\"\" data-start=\"6933\" data-end=\"7019\"><p class=\"\" data-start=\"6935\" data-end=\"7019\">Documentos acreditativos de la petici\u00f3n que formula, en caso de que sean necesarios.<\/p><\/li><li class=\"\" data-start=\"7020\" data-end=\"7137\"><p class=\"\" data-start=\"7022\" data-end=\"7137\">La persona solicitante debe utilizar cualquier medio que permita acreditar el env\u00edo y la recepci\u00f3n de la solicitud.<\/p><\/li><\/ul><hr class=\"\" data-start=\"7139\" data-end=\"7142\" \/><p class=\"\" data-start=\"7144\" data-end=\"7469\"><strong data-start=\"7144\" data-end=\"7207\">Reclamaci\u00f3n ante la Agencia Espa\u00f1ola de Protecci\u00f3n de Datos<\/strong><br data-start=\"7207\" data-end=\"7210\" \/>Le informamos que tiene derecho a presentar una reclamaci\u00f3n ante la Agencia Espa\u00f1ola de Protecci\u00f3n de Datos en caso de que tenga conocimiento o considere que un hecho pueda suponer un incumplimiento de la normativa aplicable en materia de protecci\u00f3n de datos.<\/p><hr class=\"\" data-start=\"7471\" data-end=\"7474\" \/><p class=\"\" data-start=\"7476\" data-end=\"7779\"><strong data-start=\"7476\" data-end=\"7500\">Medidas de seguridad<\/strong><br data-start=\"7500\" data-end=\"7503\" \/>NATCHA 2000 SL se compromete a adoptar las medidas t\u00e9cnicas y organizativas necesarias, acorde al nivel de riesgos que acompa\u00f1an los tratamientos realizados por \u00e9stas e indicados en este mismo apartado, de forma que garanticen su integridad, confidencialidad y disponibilidad.<\/p><hr class=\"\" data-start=\"7781\" data-end=\"7784\" \/><p class=\"\" data-start=\"7786\" data-end=\"7831\"><strong data-start=\"7786\" data-end=\"7810\">\u00daltima actualizaci\u00f3n<\/strong>: 30 de julio de 2024<\/p>\t\t\t\t\t\t\t\t<\/div>\n\t\t\t\t<\/div>\n\t\t\t\t<div class=\"elementor-element elementor-element-7f2163a elementor-widget elementor-widget-button\" data-id=\"7f2163a\" data-element_type=\"widget\" data-e-type=\"widget\" data-widget_type=\"button.default\">\n\t\t\t\t<div class=\"elementor-widget-container\">\n\t\t\t\t\t\t\t\t\t<div class=\"elementor-button-wrapper\">\n\t\t\t\t\t<a class=\"elementor-button elementor-button-link elementor-size-sm\" href=\"\">\n\t\t\t\t\t\t<span class=\"elementor-button-content-wrapper\">\n\t\t\t\t\t\t\t\t\t<span class=\"elementor-button-text\">DESCARGAR<\/span>\n\t\t\t\t\t<\/span>\n\t\t\t\t\t<\/a>\n\t\t\t\t<\/div>\n\t\t\t\t\t\t\t\t<\/div>\n\t\t\t\t<\/div>\n\t\t\t\t\t<\/div>\n\t\t\t\t<\/div>\n\t\t\t\t<\/div>","protected":false},"excerpt":{"rendered":"<p>POL\u00cdTICA DE PRIVACIDAD NATCHA 2000 SL deber\u00e1 cerciorarse de que los datos personales del interesado recabados en el sitio web, [&hellip;]<\/p>\n","protected":false},"author":1,"featured_media":0,"parent":0,"menu_order":0,"comment_status":"closed","ping_status":"closed","template":"","meta":{"site-sidebar-layout":"no-sidebar","site-content-layout":"","ast-site-content-layout":"full-width-container","site-content-style":"default","site-sidebar-style":"default","ast-global-header-display":"","ast-banner-title-visibility":"","ast-main-header-display":"","ast-hfb-above-header-display":"","ast-hfb-below-header-display":"","ast-hfb-mobile-header-display":"","site-post-title":"disabled","ast-breadcrumbs-content":"","ast-featured-img":"disabled","footer-sml-layout":"","ast-disable-related-posts":"","theme-transparent-header-meta":"","adv-header-id-meta":"","stick-header-meta":"","header-above-stick-meta":"","header-main-stick-meta":"","header-below-stick-meta":"","astra-migrate-meta-layouts":"default","ast-page-background-enabled":"default","ast-page-background-meta":{"desktop":{"background-color":"var(--ast-global-color-4)","background-image":"","background-repeat":"repeat","background-position":"center center","background-size":"auto","background-attachment":"scroll","background-type":"","background-media":"","overlay-type":"","overlay-color":"","overlay-opacity":"","overlay-gradient":""},"tablet":{"background-color":"","background-image":"","background-repeat":"repeat","background-position":"center center","background-size":"auto","background-attachment":"scroll","background-type":"","background-media":"","overlay-type":"","overlay-color":"","overlay-opacity":"","overlay-gradient":""},"mobile":{"background-color":"","background-image":"","background-repeat":"repeat","background-position":"center center","background-size":"auto","background-attachment":"scroll","background-type":"","background-media":"","overlay-type":"","overlay-color":"","overlay-opacity":"","overlay-gradient":""}},"ast-content-background-meta":{"desktop":{"background-color":"var(--ast-global-color-5)","background-image":"","background-repeat":"repeat","background-position":"center center","background-size":"auto","background-attachment":"scroll","background-type":"","background-media":"","overlay-type":"","overlay-color":"","overlay-opacity":"","overlay-gradient":""},"tablet":{"background-color":"var(--ast-global-color-5)","background-image":"","background-repeat":"repeat","background-position":"center center","background-size":"auto","background-attachment":"scroll","background-type":"","background-media":"","overlay-type":"","overlay-color":"","overlay-opacity":"","overlay-gradient":""},"mobile":{"background-color":"var(--ast-global-color-5)","background-image":"","background-repeat":"repeat","background-position":"center center","background-size":"auto","background-attachment":"scroll","background-type":"","background-media":"","overlay-type":"","overlay-color":"","overlay-opacity":"","overlay-gradient":""}},"footnotes":""},"class_list":["post-1928","page","type-page","status-publish","hentry"],"_links":{"self":[{"href":"https:\/\/natcha.es\/es\/wp-json\/wp\/v2\/pages\/1928","targetHints":{"allow":["GET"]}}],"collection":[{"href":"https:\/\/natcha.es\/es\/wp-json\/wp\/v2\/pages"}],"about":[{"href":"https:\/\/natcha.es\/es\/wp-json\/wp\/v2\/types\/page"}],"author":[{"embeddable":true,"href":"https:\/\/natcha.es\/es\/wp-json\/wp\/v2\/users\/1"}],"replies":[{"embeddable":true,"href":"https:\/\/natcha.es\/es\/wp-json\/wp\/v2\/comments?post=1928"}],"version-history":[{"count":0,"href":"https:\/\/natcha.es\/es\/wp-json\/wp\/v2\/pages\/1928\/revisions"}],"wp:attachment":[{"href":"https:\/\/natcha.es\/es\/wp-json\/wp\/v2\/media?parent=1928"}],"curies":[{"name":"wp","href":"https:\/\/api.w.org\/{rel}","templated":true}]}}