{"id":1631,"date":"2025-03-13T16:13:37","date_gmt":"2025-03-13T16:13:37","guid":{"rendered":"https:\/\/natcha.es\/?page_id=1631"},"modified":"2026-03-12T18:33:31","modified_gmt":"2026-03-12T18:33:31","slug":"aviso-legal","status":"publish","type":"page","link":"https:\/\/natcha.es\/es\/aviso-legal\/","title":{"rendered":"Aviso Legal"},"content":{"rendered":"<div data-elementor-type=\"wp-page\" data-elementor-id=\"1631\" class=\"elementor elementor-1631\" data-elementor-post-type=\"page\">\n\t\t\t\t<div class=\"elementor-element elementor-element-9c8c607 e-flex e-con-boxed e-con e-parent\" data-id=\"9c8c607\" data-element_type=\"container\" data-e-type=\"container\">\n\t\t\t\t\t<div class=\"e-con-inner\">\n\t\t\t\t<div class=\"elementor-element elementor-element-6d9d24d elementor-widget elementor-widget-heading\" data-id=\"6d9d24d\" data-element_type=\"widget\" data-e-type=\"widget\" data-widget_type=\"heading.default\">\n\t\t\t\t<div class=\"elementor-widget-container\">\n\t\t\t\t\t<h4 class=\"elementor-heading-title elementor-size-default\">Aviso Legal<\/h4>\t\t\t\t<\/div>\n\t\t\t\t<\/div>\n\t\t\t\t<div class=\"elementor-element elementor-element-fd09e21 elementor-widget elementor-widget-text-editor\" data-id=\"fd09e21\" data-element_type=\"widget\" data-e-type=\"widget\" data-widget_type=\"text-editor.default\">\n\t\t\t\t<div class=\"elementor-widget-container\">\n\t\t\t\t\t\t\t\t\t<p class=\"\" data-start=\"46\" data-end=\"371\"><strong data-start=\"46\" data-end=\"62\">Introducci\u00f3n<\/strong><br data-start=\"62\" data-end=\"65\" \/>En cumplimiento de la Ley 34\/2002, de 11 de julio, de Servicios de la Sociedad de la Informaci\u00f3n y de Comercio Electr\u00f3nico (LSSI-CE), <strong data-start=\"199\" data-end=\"217\">NATCHA 2000 SL.<\/strong> informa que es titular del sitio web. De acuerdo con la exigencia del art\u00edculo 10 de la citada Ley, <strong data-start=\"318\" data-end=\"336\">NATCHA 2000 SL<\/strong> informa de los siguientes datos:<\/p><ul data-start=\"373\" data-end=\"639\"><li class=\"\" data-start=\"373\" data-end=\"409\"><p class=\"\" data-start=\"375\" data-end=\"409\"><strong data-start=\"375\" data-end=\"392\">RAZ\u00d3N SOCIAL:<\/strong> NATCHA 2000 SL<\/p><\/li><li class=\"\" data-start=\"410\" data-end=\"432\"><p class=\"\" data-start=\"412\" data-end=\"432\"><strong data-start=\"412\" data-end=\"420\">NIF:<\/strong> B62109103<\/p><\/li><li class=\"\" data-start=\"433\" data-end=\"489\"><p class=\"\" data-start=\"435\" data-end=\"489\"><strong data-start=\"435\" data-end=\"447\">DOMINIO:<\/strong> <a class=\"\" href=\"http:\/\/www.natcha.cat\" target=\"_new\" rel=\"noopener\" data-start=\"448\" data-end=\"487\">www.natcha.cat<\/a><\/p><\/li><li class=\"\" data-start=\"490\" data-end=\"561\"><p class=\"\" data-start=\"492\" data-end=\"561\"><strong data-start=\"492\" data-end=\"513\">DIRECCI\u00d3N POSTAL:<\/strong> AVDA. SARRIA, 45, 08029 BARCELONA (BARCELONA)<\/p><\/li><li class=\"\" data-start=\"562\" data-end=\"610\"><p class=\"\" data-start=\"564\" data-end=\"610\"><strong data-start=\"564\" data-end=\"590\">DIRECCI\u00d3N ELECTR\u00d3NICA:<\/strong> <a class=\"cursor-pointer\" rel=\"noopener\" data-start=\"591\" data-end=\"608\">natcha@natcha.cat<\/a><\/p><\/li><li class=\"\" data-start=\"611\" data-end=\"639\"><p class=\"\" data-start=\"613\" data-end=\"639\"><strong data-start=\"613\" data-end=\"627\">TEL\u00c9FONOS:<\/strong> 934301070<\/p><\/li><\/ul><hr class=\"\" data-start=\"641\" data-end=\"644\" \/><h3 class=\"\" data-start=\"646\" data-end=\"694\"><strong data-start=\"650\" data-end=\"692\">Usuario y r\u00e9gimen de responsabilidades<\/strong><\/h3><p class=\"\" data-start=\"695\" data-end=\"797\">La navegaci\u00f3n, acceso y uso por el sitio web de <strong data-start=\"743\" data-end=\"761\">NATCHA 2000 SL<\/strong> confiere la condici\u00f3n de usuario.<\/p><p class=\"\" data-start=\"799\" data-end=\"1005\">El sitio web de <strong data-start=\"815\" data-end=\"833\">NATCHA 2000 SL<\/strong> proporciona gran diversidad de informaci\u00f3n, servicios y datos. El usuario asume su responsabilidad en el uso correcto del sitio web. Esta responsabilidad se extender\u00e1 a:<\/p><ul data-start=\"1007\" data-end=\"1525\"><li class=\"\" data-start=\"1007\" data-end=\"1202\"><p class=\"\" data-start=\"1009\" data-end=\"1202\">La veracidad y licitud de las informaciones aportadas por el usuario en los formularios extendidos por <strong data-start=\"1112\" data-end=\"1130\">NATCHA 2000 SL<\/strong> para el acceso a ciertos contenidos o servicios ofrecidos por la web.<\/p><\/li><li class=\"\" data-start=\"1203\" data-end=\"1525\"><p class=\"\" data-start=\"1205\" data-end=\"1525\">El uso de la informaci\u00f3n, servicios y datos ofrecidos por <strong data-start=\"1263\" data-end=\"1281\">NATCHA 2000 SL<\/strong> contrariamente a lo dispuesto por las presentes condiciones, la Ley, la moral, las buenas costumbres o el orden p\u00fablico, o que de cualquier otro modo puedan suponer lesi\u00f3n de los derechos de terceros o del mismo funcionamiento del sitio web.<\/p><\/li><\/ul><hr class=\"\" data-start=\"1527\" data-end=\"1530\" \/><h3 class=\"\" data-start=\"1532\" data-end=\"1593\"><strong data-start=\"1536\" data-end=\"1591\">Pol\u00edtica de enlaces y exenciones de responsabilidad<\/strong><\/h3><p class=\"\" data-start=\"1594\" data-end=\"1958\"><strong data-start=\"1594\" data-end=\"1612\">NATCHA 2000 SL<\/strong> no se hace responsable del contenido de los sitios web a los que el usuario pueda acceder a trav\u00e9s de los enlaces establecidos en su sitio web, siempre que no tenga conocimiento efectivo de que la actividad o la informaci\u00f3n a la que remite o recomienda es il\u00edcita o de que lesiona bienes o derechos de un tercero susceptibles de indemnizaci\u00f3n.<\/p><p class=\"\" data-start=\"1960\" data-end=\"2269\">Se entender\u00e1 que <strong data-start=\"1977\" data-end=\"1995\">NATCHA 2000 SL<\/strong> tiene conocimiento efectivo cuando un \u00f3rgano competente haya declarado la ilicitud de los datos, ordenado su retirada o imposibilitado el acceso a los mismos, o se hubiera declarado la existencia de la lesi\u00f3n, y <strong data-start=\"2208\" data-end=\"2226\">NATCHA 2000 SL<\/strong> conociera la correspondiente resoluci\u00f3n.<\/p><p class=\"\" data-start=\"2271\" data-end=\"2581\"><strong data-start=\"2271\" data-end=\"2289\">NATCHA 2000 SL<\/strong> declara haber adoptado todas las medidas necesarias para evitar cualquier da\u00f1o a los usuarios de su sitio web que pudiera derivarse de la navegaci\u00f3n por el mismo. En consecuencia, <strong data-start=\"2470\" data-end=\"2488\">NATCHA 2000 SL<\/strong> no se hace responsable de los eventuales da\u00f1os que pudieran derivarse del uso de Internet.<\/p><p class=\"\" data-start=\"2583\" data-end=\"2768\">Asimismo, tampoco garantizar\u00e1 la disponibilidad t\u00e9cnica, exactitud, veracidad, validez o legalidad de sitios ajenos a su propiedad a los que se pueda acceder por medio de los enlaces.<\/p><hr class=\"\" data-start=\"2770\" data-end=\"2773\" \/><h3 class=\"\" data-start=\"2775\" data-end=\"2799\"><strong data-start=\"2779\" data-end=\"2797\">Modificaciones<\/strong><\/h3><p class=\"\" data-start=\"2800\" data-end=\"3033\"><strong data-start=\"2800\" data-end=\"2818\">NATCHA 2000 SL<\/strong> se reserva la facultad de efectuar, en cualquier momento y sin necesidad de previo aviso, modificaciones y actualizaciones de la informaci\u00f3n contenida en su sitio web o en la configuraci\u00f3n y presentaci\u00f3n de esta.<\/p><hr class=\"\" data-start=\"3035\" data-end=\"3038\" \/><h3 class=\"\" data-start=\"3040\" data-end=\"3071\"><strong data-start=\"3044\" data-end=\"3069\">Indicaci\u00f3n de precios<\/strong><\/h3><p class=\"\" data-start=\"3072\" data-end=\"3337\">En caso de que se muestren precios de productos y\/o servicios, los indicados en pantalla ser\u00e1n los vigentes en cada momento. Los precios ser\u00e1n indicados en euros e incluir\u00e1n el Impuesto sobre el Valor A\u00f1adido (IVA), salvo que se indique expresamente lo contrario.<\/p><p class=\"\" data-start=\"3339\" data-end=\"3569\">Si fuera aplicable cualquier otro impuesto, se indicar\u00eda claramente, incluyendo, en su caso, los incrementos o descuentos que sean de aplicaci\u00f3n a la oferta y los gastos adicionales que puedan repercutir al consumidor o usuario.<\/p><hr class=\"\" data-start=\"3571\" data-end=\"3574\" \/><h3 class=\"\" data-start=\"3576\" data-end=\"3620\"><strong data-start=\"3580\" data-end=\"3618\">Propiedad intelectual e industrial<\/strong><\/h3><p class=\"\" data-start=\"3621\" data-end=\"3936\"><strong data-start=\"3621\" data-end=\"3639\">NATCHA 2000 SL<\/strong>, por s\u00ed misma o como cesionaria, es titular de todos los derechos de propiedad intelectual e industrial de su p\u00e1gina web, as\u00ed como de los elementos contenidos en la misma (im\u00e1genes, sonido, audio, v\u00eddeo, software, textos, marcas, logotipos, combinaciones de colores, estructura y dise\u00f1o, etc.).<\/p><p class=\"\" data-start=\"3938\" data-end=\"4180\">Ser\u00e1n, por consiguiente, obras protegidas como propiedad intelectual por el ordenamiento jur\u00eddico espa\u00f1ol, si\u00e9ndoles aplicables tanto la normativa espa\u00f1ola y comunitaria en este campo, como los tratados internacionales suscritos por Espa\u00f1a.<\/p><p class=\"\" data-start=\"4182\" data-end=\"4524\">Todos los derechos reservados. Queda expresamente prohibida la reproducci\u00f3n, distribuci\u00f3n y comunicaci\u00f3n p\u00fablica, incluida su modalidad de puesta a disposici\u00f3n, de la totalidad o parte de los contenidos de esta p\u00e1gina web, con fines comerciales, en cualquier soporte y por cualquier medio t\u00e9cnico, sin la autorizaci\u00f3n de <strong data-start=\"4503\" data-end=\"4521\">NATCHA 2000 SL<\/strong>.<\/p><p class=\"\" data-start=\"4526\" data-end=\"4733\">El usuario podr\u00e1 visualizar los elementos del portal e incluso imprimirlos, copiarlos y almacenarlos en cualquier soporte f\u00edsico, siempre y cuando sea \u00fanica y exclusivamente para su uso personal y privado.<\/p><hr class=\"\" data-start=\"4735\" data-end=\"4738\" \/><h3 class=\"\" data-start=\"4740\" data-end=\"4788\"><strong data-start=\"4744\" data-end=\"4786\">Certificado SSL (Secure Sockets Layer)<\/strong><\/h3><p class=\"\" data-start=\"4789\" data-end=\"4920\">El <strong data-start=\"4792\" data-end=\"4811\">CERTIFICADO SSL<\/strong> proporciona autenticaci\u00f3n, privacidad y seguridad de la informaci\u00f3n entre <strong data-start=\"4886\" data-end=\"4904\">NATCHA 2000 SL<\/strong> y el usuario.<\/p><p class=\"\" data-start=\"4922\" data-end=\"5109\"><strong data-start=\"4922\" data-end=\"4940\">NATCHA 2000 SL<\/strong> dispone de un certificado de seguridad <strong data-start=\"4980\" data-end=\"4987\">SSL<\/strong>, el cual permite realizar conexiones seguras mediante un proceso de cifrado de datos hasta que la conexi\u00f3n sea cerrada.<\/p><hr class=\"\" data-start=\"5111\" data-end=\"5114\" \/><h3 class=\"\" data-start=\"5116\" data-end=\"5180\"><strong data-start=\"5120\" data-end=\"5178\">Acciones legales, legislaci\u00f3n aplicable y jurisdicci\u00f3n<\/strong><\/h3><p class=\"\" data-start=\"5181\" data-end=\"5417\">Si el usuario desea presentar una reclamaci\u00f3n, deber\u00e1 contactar mediante el correo electr\u00f3nico <strong data-start=\"5276\" data-end=\"5297\"><a class=\"cursor-pointer\" rel=\"noopener\" data-start=\"5278\" data-end=\"5295\">natcha@natcha.cat<\/a><\/strong>. Asimismo, <strong data-start=\"5309\" data-end=\"5327\">NATCHA 2000 SL<\/strong> dispone de hojas oficiales de reclamaci\u00f3n a disposici\u00f3n de los consumidores y usuarios.<\/p><p class=\"\" data-start=\"5419\" data-end=\"5642\"><strong data-start=\"5419\" data-end=\"5437\">NATCHA 2000 SL<\/strong> se reserva la facultad de presentar las acciones civiles o penales que considere oportunas por la utilizaci\u00f3n indebida de su sitio web y contenidos, o por el incumplimiento de las presentes condiciones.<\/p><p class=\"\" data-start=\"5644\" data-end=\"5962\">La relaci\u00f3n entre el usuario y el prestador se regir\u00e1 por la normativa vigente y de aplicaci\u00f3n en el territorio espa\u00f1ol. De surgir cualquier controversia, las partes podr\u00e1n someter sus conflictos a arbitraje o acudir a la jurisdicci\u00f3n ordinaria cumpliendo con las normas sobre jurisdicci\u00f3n y competencia al respecto.<\/p><p class=\"\" data-start=\"5964\" data-end=\"6011\"><strong data-start=\"5964\" data-end=\"6009\">\u00daltima actualizaci\u00f3n: 30 de julio de 2024<\/strong><\/p>\t\t\t\t\t\t\t\t<\/div>\n\t\t\t\t<\/div>\n\t\t\t\t\t<\/div>\n\t\t\t\t<\/div>\n\t\t\t\t<\/div>","protected":false},"excerpt":{"rendered":"<p>Aviso Legal Introducci\u00f3nEn cumplimiento de la Ley 34\/2002, de 11 de julio, de Servicios de la Sociedad de la Informaci\u00f3n [&hellip;]<\/p>\n","protected":false},"author":1,"featured_media":0,"parent":0,"menu_order":0,"comment_status":"closed","ping_status":"closed","template":"","meta":{"site-sidebar-layout":"no-sidebar","site-content-layout":"","ast-site-content-layout":"full-width-container","site-content-style":"default","site-sidebar-style":"default","ast-global-header-display":"","ast-banner-title-visibility":"","ast-main-header-display":"","ast-hfb-above-header-display":"","ast-hfb-below-header-display":"","ast-hfb-mobile-header-display":"","site-post-title":"disabled","ast-breadcrumbs-content":"","ast-featured-img":"disabled","footer-sml-layout":"","ast-disable-related-posts":"","theme-transparent-header-meta":"","adv-header-id-meta":"","stick-header-meta":"","header-above-stick-meta":"","header-main-stick-meta":"","header-below-stick-meta":"","astra-migrate-meta-layouts":"default","ast-page-background-enabled":"default","ast-page-background-meta":{"desktop":{"background-color":"var(--ast-global-color-4)","background-image":"","background-repeat":"repeat","background-position":"center center","background-size":"auto","background-attachment":"scroll","background-type":"","background-media":"","overlay-type":"","overlay-color":"","overlay-opacity":"","overlay-gradient":""},"tablet":{"background-color":"","background-image":"","background-repeat":"repeat","background-position":"center center","background-size":"auto","background-attachment":"scroll","background-type":"","background-media":"","overlay-type":"","overlay-color":"","overlay-opacity":"","overlay-gradient":""},"mobile":{"background-color":"","background-image":"","background-repeat":"repeat","background-position":"center center","background-size":"auto","background-attachment":"scroll","background-type":"","background-media":"","overlay-type":"","overlay-color":"","overlay-opacity":"","overlay-gradient":""}},"ast-content-background-meta":{"desktop":{"background-color":"var(--ast-global-color-5)","background-image":"","background-repeat":"repeat","background-position":"center center","background-size":"auto","background-attachment":"scroll","background-type":"","background-media":"","overlay-type":"","overlay-color":"","overlay-opacity":"","overlay-gradient":""},"tablet":{"background-color":"var(--ast-global-color-5)","background-image":"","background-repeat":"repeat","background-position":"center center","background-size":"auto","background-attachment":"scroll","background-type":"","background-media":"","overlay-type":"","overlay-color":"","overlay-opacity":"","overlay-gradient":""},"mobile":{"background-color":"var(--ast-global-color-5)","background-image":"","background-repeat":"repeat","background-position":"center center","background-size":"auto","background-attachment":"scroll","background-type":"","background-media":"","overlay-type":"","overlay-color":"","overlay-opacity":"","overlay-gradient":""}},"footnotes":""},"class_list":["post-1631","page","type-page","status-publish","hentry"],"_links":{"self":[{"href":"https:\/\/natcha.es\/es\/wp-json\/wp\/v2\/pages\/1631","targetHints":{"allow":["GET"]}}],"collection":[{"href":"https:\/\/natcha.es\/es\/wp-json\/wp\/v2\/pages"}],"about":[{"href":"https:\/\/natcha.es\/es\/wp-json\/wp\/v2\/types\/page"}],"author":[{"embeddable":true,"href":"https:\/\/natcha.es\/es\/wp-json\/wp\/v2\/users\/1"}],"replies":[{"embeddable":true,"href":"https:\/\/natcha.es\/es\/wp-json\/wp\/v2\/comments?post=1631"}],"version-history":[{"count":3,"href":"https:\/\/natcha.es\/es\/wp-json\/wp\/v2\/pages\/1631\/revisions"}],"predecessor-version":[{"id":4376,"href":"https:\/\/natcha.es\/es\/wp-json\/wp\/v2\/pages\/1631\/revisions\/4376"}],"wp:attachment":[{"href":"https:\/\/natcha.es\/es\/wp-json\/wp\/v2\/media?parent=1631"}],"curies":[{"name":"wp","href":"https:\/\/api.w.org\/{rel}","templated":true}]}}